{"id":3850,"date":"2020-06-21T15:27:00","date_gmt":"2020-06-21T13:27:00","guid":{"rendered":"https:\/\/wellbeingatwork.lu\/e-formation\/work-from-home"},"modified":"2023-06-19T09:07:11","modified_gmt":"2023-06-19T07:07:11","slug":"teletravail","status":"publish","type":"page","link":"https:\/\/wellbeingatwork.lu\/fr\/e-formation\/teletravail","title":{"rendered":"T\u00e9l\u00e9travail"},"content":{"rendered":"<div class=\"fusion-fullwidth fullwidth-box fusion-builder-row-1 fusion-flex-container nonhundred-percent-fullwidth non-hundred-percent-height-scrolling\" style=\"--awb-border-radius-top-left:0px;--awb-border-radius-top-right:0px;--awb-border-radius-bottom-right:0px;--awb-border-radius-bottom-left:0px;--awb-flex-wrap:wrap;\" ><div class=\"fusion-builder-row fusion-row fusion-flex-align-items-flex-start fusion-flex-content-wrap\" style=\"max-width:1144px;margin-left: calc(-4% \/ 2 );margin-right: calc(-4% \/ 2 );\"><div class=\"fusion-layout-column fusion_builder_column fusion-builder-column-0 fusion_builder_column_1_1 1_1 fusion-flex-column\" style=\"--awb-bg-size:cover;--awb-width-large:100%;--awb-margin-top-large:0px;--awb-spacing-right-large:1.92%;--awb-margin-bottom-large:0px;--awb-spacing-left-large:1.92%;--awb-width-medium:100%;--awb-order-medium:0;--awb-spacing-right-medium:1.92%;--awb-spacing-left-medium:1.92%;--awb-width-small:100%;--awb-order-small:0;--awb-spacing-right-small:1.92%;--awb-spacing-left-small:1.92%;\"><div class=\"fusion-column-wrapper fusion-column-has-shadow fusion-flex-justify-content-flex-start fusion-content-layout-column\"><div class=\"fusion-flip-boxes flip-boxes row fusion-columns-1 flip-effect-classic\"><div class=\"fusion-flip-box-wrapper fusion-column col-lg-12 col-md-12 col-sm-12\"><div class=\"fusion-flip-box flip-right\" tabindex=\"0\"><div class=\"flip-box-inner-wrapper\"><div class=\"flip-box-front\" style=\"--awb-background-color-front:#ff9800;\"><div class=\"flip-box-front-inner\"><div class=\"flip-box-grafix flip-box-image\"><img decoding=\"async\" src=\"https:\/\/wellbeingatwork.lu\/wp-content\/uploads\/2020\/06\/Work-from-home-225x300.png\" width=\"225\" height=\"300\" alt=\"\" \/><\/div><h2 class=\"flip-box-heading without-text\">Astuces pour un t\u00e9l\u00e9-travail efficace<\/h2><\/div><\/div><div class=\"flip-box-back\"><div class=\"flip-box-back-inner\"><h3 class=\"flip-box-heading-back\">Description<\/h3>\n<p><strong>Pourquoi suivre cet atelier ?<\/strong><\/p>\n<p>Certaines entreprises se sont d\u00e9j\u00e0 lanc\u00e9es de mani\u00e8re informelle dans le t\u00e9l\u00e9travail. Elles ont os\u00e9 explorer cette fa\u00e7on de faire et ont vu que l&rsquo;enthousiasme de leurs collaborateurs grandissait de jour en jour.<\/p>\n<p>Avec le temps, les organisations prennent conscience que le t\u00e9l\u00e9travail ne s&rsquo;improvise pas, que travailler de la maison ne va pas de soi.<\/p>\n<p>Gr\u00e2ce \u00e0 cet atelier-formation, vous allez apprendre une nouvelle fa\u00e7on de travailler \u00e0 distance et avec plaisir.<\/p>\n<p><strong>Qu&rsquo;allez-vous apprendre ?<\/strong><\/p>\n<p>Gr\u00e2ce \u00e0 des astuces et conseils mentaux, physiques et spatiales, le t\u00e9l\u00e9-travailleur va:<\/p>\n<ul>\n<li style=\"text-align: left;\"><em>se donner davantage de structure dans sa journ\u00e9e de t\u00e9l\u00e9travail<\/em><\/li>\n<li style=\"text-align: left;\"><em>pouvoir diff\u00e9remment observer et adapter son espace de travail<\/em><\/li>\n<li style=\"text-align: left;\"><em>cr\u00e9er plus d&rsquo;harmonie dans sa balance vie professionnelle et priv\u00e9e<\/em><\/li>\n<li style=\"text-align: left;\"><em>maintenir et accro\u00eetre sa productivit\u00e9 et sa motivation de mani\u00e8re durable<\/em><\/li>\n<li style=\"text-align: left;\"><em>\u00e9viter tout stress suppl\u00e9mentaire, voire un burn-out<\/em><\/li>\n<\/ul>\n<\/div><\/div><\/div><\/div><\/div><\/div><\/div><\/div><\/div><\/div>\n","protected":false},"excerpt":{"rendered":"","protected":false},"author":1,"featured_media":4248,"parent":3788,"menu_order":1,"comment_status":"closed","ping_status":"closed","template":"elearning-category.php","meta":{"_acf_changed":false,"_price":"","_stock":"","_tribe_ticket_header":"","_tribe_default_ticket_provider":"","_tribe_ticket_capacity":"0","_ticket_start_date":"","_ticket_end_date":"","_tribe_ticket_show_description":"","_tribe_ticket_show_not_going":false,"_tribe_ticket_use_global_stock":"","_tribe_ticket_global_stock_level":"","_global_stock_mode":"","_global_stock_cap":"","_tribe_rsvp_for_event":"","_tribe_ticket_going_count":"","_tribe_ticket_not_going_count":"","_tribe_tickets_list":"[]","_tribe_ticket_has_attendee_info_fields":false,"footnotes":""},"class_list":["post-3850","page","type-page","status-publish","has-post-thumbnail","hentry"],"acf":[],"_links":{"self":[{"href":"https:\/\/wellbeingatwork.lu\/fr\/wp-json\/wp\/v2\/pages\/3850"}],"collection":[{"href":"https:\/\/wellbeingatwork.lu\/fr\/wp-json\/wp\/v2\/pages"}],"about":[{"href":"https:\/\/wellbeingatwork.lu\/fr\/wp-json\/wp\/v2\/types\/page"}],"author":[{"embeddable":true,"href":"https:\/\/wellbeingatwork.lu\/fr\/wp-json\/wp\/v2\/users\/1"}],"replies":[{"embeddable":true,"href":"https:\/\/wellbeingatwork.lu\/fr\/wp-json\/wp\/v2\/comments?post=3850"}],"version-history":[{"count":25,"href":"https:\/\/wellbeingatwork.lu\/fr\/wp-json\/wp\/v2\/pages\/3850\/revisions"}],"predecessor-version":[{"id":4832,"href":"https:\/\/wellbeingatwork.lu\/fr\/wp-json\/wp\/v2\/pages\/3850\/revisions\/4832"}],"up":[{"embeddable":true,"href":"https:\/\/wellbeingatwork.lu\/fr\/wp-json\/wp\/v2\/pages\/3788"}],"wp:featuredmedia":[{"embeddable":true,"href":"https:\/\/wellbeingatwork.lu\/fr\/wp-json\/wp\/v2\/media\/4248"}],"wp:attachment":[{"href":"https:\/\/wellbeingatwork.lu\/fr\/wp-json\/wp\/v2\/media?parent=3850"}],"curies":[{"name":"wp","href":"https:\/\/api.w.org\/{rel}","templated":true}]}}