{"id":2664,"date":"2019-01-06T18:32:25","date_gmt":"2019-01-06T17:32:25","guid":{"rendered":"https:\/\/wellbeingatwork.lu\/nous\/lene-pedersen"},"modified":"2022-10-14T12:05:38","modified_gmt":"2022-10-14T10:05:38","slug":"anne-bausch-brisbois","status":"publish","type":"page","link":"https:\/\/wellbeingatwork.lu\/fr\/nous\/anne-bausch-brisbois","title":{"rendered":"Anne Bausch-Brisbois"},"content":{"rendered":"<div class=\"fusion-fullwidth fullwidth-box fusion-builder-row-1 nonhundred-percent-fullwidth non-hundred-percent-height-scrolling\" style=\"--awb-border-radius-top-left:0px;--awb-border-radius-top-right:0px;--awb-border-radius-bottom-right:0px;--awb-border-radius-bottom-left:0px;--awb-flex-wrap:wrap;\" ><div class=\"fusion-builder-row fusion-row\"><div class=\"fusion-layout-column fusion_builder_column fusion-builder-column-0 fusion_builder_column_1_3 1_3 fusion-one-third fusion-column-first\" style=\"--awb-bg-size:cover;--awb-margin-bottom:2rem;width:33.333333333333%;width:calc(33.333333333333% - ( ( 4% ) * 0.33333333333333 ) );margin-right: 4%;\"><div class=\"fusion-column-wrapper fusion-flex-column-wrapper-legacy\"><div class=\"fusion-image-element fusion-image-align-center in-legacy-container\" style=\"text-align:center;--awb-caption-title-font-family:var(--h2_typography-font-family);--awb-caption-title-font-weight:var(--h2_typography-font-weight);--awb-caption-title-font-style:var(--h2_typography-font-style);--awb-caption-title-size:var(--h2_typography-font-size);--awb-caption-title-transform:var(--h2_typography-text-transform);--awb-caption-title-line-height:var(--h2_typography-line-height);--awb-caption-title-letter-spacing:var(--h2_typography-letter-spacing);\"><div class=\"imageframe-align-center\"><span class=\" fusion-imageframe imageframe-none imageframe-1 hover-type-none\"><img decoding=\"async\" width=\"150\" height=\"150\" title=\"Profilbild\" src=\"https:\/\/wellbeingatwork.lu\/wp-content\/uploads\/2019\/04\/Profilbild-150x150.jpg\" alt class=\"img-responsive wp-image-3082\" srcset=\"https:\/\/wellbeingatwork.lu\/wp-content\/uploads\/2019\/04\/Profilbild-66x66.jpg 66w, https:\/\/wellbeingatwork.lu\/wp-content\/uploads\/2019\/04\/Profilbild-150x150.jpg 150w\" sizes=\"(max-width: 150px) 100vw, 150px\" \/><\/span><\/div><\/div><div class=\"fusion-clearfix\"><\/div><\/div><\/div><div class=\"fusion-layout-column fusion_builder_column fusion-builder-column-1 fusion_builder_column_2_3 2_3 fusion-two-third fusion-column-last\" style=\"--awb-bg-size:cover;width:66.666666666667%;width:calc(66.666666666667% - ( ( 4% ) * 0.66666666666667 ) );\"><div class=\"fusion-column-wrapper fusion-flex-column-wrapper-legacy\"><div class=\"fusion-title title fusion-title-1 fusion-sep-none fusion-title-text fusion-title-size-two\"><h2 class=\"fusion-title-heading title-heading-left\" style=\"margin:0;\">Anne Bausch-Brisbois<\/h2><\/div><div class=\"fusion-text fusion-text-1\"><p><strong>Experte en gestion de la sant\u00e9\u00a0<\/strong><\/p>\n<ul>\n<li>\u00c9conomiste en entreprise IHK<\/li>\n<li>Responsable de la sant\u00e9 au travail<\/li>\n<li>Expert en sant\u00e9 dans l&rsquo;entreprise pour l&rsquo;ergonomie et la sant\u00e9 du dos<\/li>\n<li>Expert en sant\u00e9 dans l&rsquo;entreprise pour la promotion de la sant\u00e9 psychosociale<\/li>\n<li>Entra\u00eeneur en techniques de relaxation<\/li>\n<li>Instructeur Pilates<\/li>\n<li>Coach mental<\/li>\n<li>Formatrice en gestion du stress<\/li>\n<li>Personal Coach<\/li>\n<\/ul>\n<p>Apr\u00e8s ma formation commerciale en Allemagne et 15 ans dans le secteur de la logistique au Luxembourg, j&rsquo;avais envie de changer de carri\u00e8re professionnelle. Le sport et la danse faisant partie int\u00e9grante de ma vie depuis mon enfance, je cherchais un moyen de combiner passion et travail et j&rsquo;ai pris conscience du th\u00e8me de la gestion de la sant\u00e9 en entreprise.<\/p>\n<p>En 2016, j&rsquo;ai quitt\u00e9 mon emploi dans la logistique contractuelle pour me consacrer \u00e0 la formation en tant que gestionnaire de sant\u00e9 d&rsquo;entreprise et entra\u00eeneur personnel avec un accent sur la sant\u00e9 mentale.<\/p>\n<p>J&rsquo;ai trouv\u00e9 ma vocation dans l&rsquo;accompagnement des individus pour trouver l&rsquo;\u00e9quilibre entre vie professionnelle et vie priv\u00e9e et dans le travail avec des groupes pour pr\u00e9venir et am\u00e9liorer leur sant\u00e9.<\/p>\n<p>Langues : DE, EN, LU<\/p>\n<\/div><div class=\"fusion-button-wrapper\"><a class=\"fusion-button button-flat fusion-button-default-size button-default fusion-button-default button-1 fusion-button-default-span fusion-button-default-type\" target=\"_self\" href=\"https:\/\/wellbeingatwork.lu\/fr\/nous\"><i class=\"fa-chevron-left fas button-icon-left\" aria-hidden=\"true\"><\/i><span class=\"fusion-button-text\">Retour<\/span><\/a><\/div><div class=\"fusion-clearfix\"><\/div><\/div><\/div><\/div><\/div>\n","protected":false},"excerpt":{"rendered":"","protected":false},"author":1,"featured_media":0,"parent":685,"menu_order":11,"comment_status":"closed","ping_status":"closed","template":"","meta":{"_acf_changed":false,"_price":"","_stock":"","_tribe_ticket_header":"","_tribe_default_ticket_provider":"","_tribe_ticket_capacity":"0","_ticket_start_date":"","_ticket_end_date":"","_tribe_ticket_show_description":"","_tribe_ticket_show_not_going":false,"_tribe_ticket_use_global_stock":"","_tribe_ticket_global_stock_level":"","_global_stock_mode":"","_global_stock_cap":"","_tribe_rsvp_for_event":"","_tribe_ticket_going_count":"","_tribe_ticket_not_going_count":"","_tribe_tickets_list":"[]","_tribe_ticket_has_attendee_info_fields":false,"footnotes":""},"class_list":["post-2664","page","type-page","status-publish","hentry"],"acf":[],"_links":{"self":[{"href":"https:\/\/wellbeingatwork.lu\/fr\/wp-json\/wp\/v2\/pages\/2664"}],"collection":[{"href":"https:\/\/wellbeingatwork.lu\/fr\/wp-json\/wp\/v2\/pages"}],"about":[{"href":"https:\/\/wellbeingatwork.lu\/fr\/wp-json\/wp\/v2\/types\/page"}],"author":[{"embeddable":true,"href":"https:\/\/wellbeingatwork.lu\/fr\/wp-json\/wp\/v2\/users\/1"}],"replies":[{"embeddable":true,"href":"https:\/\/wellbeingatwork.lu\/fr\/wp-json\/wp\/v2\/comments?post=2664"}],"version-history":[{"count":7,"href":"https:\/\/wellbeingatwork.lu\/fr\/wp-json\/wp\/v2\/pages\/2664\/revisions"}],"predecessor-version":[{"id":4764,"href":"https:\/\/wellbeingatwork.lu\/fr\/wp-json\/wp\/v2\/pages\/2664\/revisions\/4764"}],"up":[{"embeddable":true,"href":"https:\/\/wellbeingatwork.lu\/fr\/wp-json\/wp\/v2\/pages\/685"}],"wp:attachment":[{"href":"https:\/\/wellbeingatwork.lu\/fr\/wp-json\/wp\/v2\/media?parent=2664"}],"curies":[{"name":"wp","href":"https:\/\/api.w.org\/{rel}","templated":true}]}}