{"id":2101,"date":"2018-06-15T11:37:32","date_gmt":"2018-06-15T09:37:32","guid":{"rendered":"https:\/\/wellbeingatwork.lu\/nous\/caroline-pescatore"},"modified":"2022-10-14T12:15:03","modified_gmt":"2022-10-14T10:15:03","slug":"marianne-reimann","status":"publish","type":"page","link":"https:\/\/wellbeingatwork.lu\/fr\/nous\/marianne-reimann","title":{"rendered":"Marianne Reimann"},"content":{"rendered":"<div class=\"fusion-fullwidth fullwidth-box fusion-builder-row-1 nonhundred-percent-fullwidth non-hundred-percent-height-scrolling\" style=\"--awb-border-radius-top-left:0px;--awb-border-radius-top-right:0px;--awb-border-radius-bottom-right:0px;--awb-border-radius-bottom-left:0px;--awb-flex-wrap:wrap;\" ><div class=\"fusion-builder-row fusion-row\"><div class=\"fusion-layout-column fusion_builder_column fusion-builder-column-0 fusion_builder_column_1_3 1_3 fusion-one-third fusion-column-first\" style=\"--awb-bg-size:cover;--awb-margin-bottom:2rem;width:33.333333333333%;width:calc(33.333333333333% - ( ( 4% ) * 0.33333333333333 ) );margin-right: 4%;\"><div class=\"fusion-column-wrapper fusion-flex-column-wrapper-legacy\"><div class=\"fusion-image-element fusion-image-align-center in-legacy-container\" style=\"text-align:center;--awb-caption-title-font-family:var(--h2_typography-font-family);--awb-caption-title-font-weight:var(--h2_typography-font-weight);--awb-caption-title-font-style:var(--h2_typography-font-style);--awb-caption-title-size:var(--h2_typography-font-size);--awb-caption-title-transform:var(--h2_typography-text-transform);--awb-caption-title-line-height:var(--h2_typography-line-height);--awb-caption-title-letter-spacing:var(--h2_typography-letter-spacing);\"><div class=\"imageframe-align-center\"><span class=\" fusion-imageframe imageframe-none imageframe-1 hover-type-none\"><img decoding=\"async\" width=\"150\" height=\"150\" title=\"Marianne Reimann\" src=\"https:\/\/wellbeingatwork.lu\/wp-content\/uploads\/2019\/01\/Marianne-Reimann-150x150.jpeg\" alt class=\"img-responsive wp-image-2493\" srcset=\"https:\/\/wellbeingatwork.lu\/wp-content\/uploads\/2019\/01\/Marianne-Reimann-200x200.jpeg 200w, https:\/\/wellbeingatwork.lu\/wp-content\/uploads\/2019\/01\/Marianne-Reimann.jpeg 276w\" sizes=\"(max-width: 900px) 100vw, 150px\" \/><\/span><\/div><\/div><div class=\"fusion-clearfix\"><\/div><\/div><\/div><div class=\"fusion-layout-column fusion_builder_column fusion-builder-column-1 fusion_builder_column_2_3 2_3 fusion-two-third fusion-column-last\" style=\"--awb-bg-size:cover;width:66.666666666667%;width:calc(66.666666666667% - ( ( 4% ) * 0.66666666666667 ) );\"><div class=\"fusion-column-wrapper fusion-flex-column-wrapper-legacy\"><div class=\"fusion-title title fusion-title-1 fusion-sep-none fusion-title-text fusion-title-size-two\"><h2 class=\"fusion-title-heading title-heading-left\" style=\"margin:0;\">Marianne Reimann<\/h2><\/div><div class=\"fusion-text fusion-text-1\"><p><strong>Formatrice et coach<\/strong><\/p>\n<p style=\"text-align: justify;\">Marianne s&rsquo;appuie sur 20 ans d&rsquo;exp\u00e9rience dans la gestion des ressources humaines dans divers secteurs, en particulier dans le domaine du d\u00e9veloppement du personnel et de l&rsquo;organisation, comme la formation, la gestion des talents, le recrutement, l&rsquo;int\u00e9gration, la garantie des processus et la restructuration. Elle a de nombreuses ann\u00e9es d&rsquo;exp\u00e9rience dans la direction d&rsquo;\u00e9quipes et dans la gestion d&rsquo;un centre de formation continue pour l&rsquo;\u00e9ducation des adultes.<\/p>\n<p style=\"text-align: justify;\">Elle est n\u00e9e en Allemagne et a v\u00e9cu, \u00e9tudi\u00e9 et travaill\u00e9 en France et aux \u00c9tats-Unis. Le Luxembourg est son pays d&rsquo;adoption depuis pr\u00e8s de vingt ans, o\u00f9 elle vit heureuse avec sa famille. Vivant dans diff\u00e9rents pays et travaillant ensemble dans des \u00e9quipes interculturelles, Marianne sait, de par son propre \u00eatre et sa fa\u00e7on de faire, comment relever les d\u00e9fis dans diff\u00e9rents contextes socioculturels et organisations.<\/p>\n<p style=\"text-align: justify;\">L&rsquo;ouverture, la curiosit\u00e9 et l&rsquo;amabilit\u00e9 sont des attitudes importantes pour elle, avec lesquelles elle rencontre des gens, des exp\u00e9riences et de nouvelles t\u00e2ches.<\/p>\n<p style=\"text-align: justify;\">Marianne est une \u00e9conomiste dipl\u00f4m\u00e9e, sp\u00e9cialis\u00e9e dans la gestion des ressources humaines, l&rsquo;anglais des affaires et le fran\u00e7ais des affaires dans le domaine des \u00e9tudes commerciales internationales. Elle est \u00e9galement coach certifi\u00e9, herboriste certifi\u00e9e (mindfulness in nature), formatrice certifi\u00e9e pour divers programmes de mindfulness, de r\u00e9silience et de mindful self-compassion pour la promotion de la sant\u00e9 holistique, la gestion du stress et la pr\u00e9vention du burnout. La pleine conscience (mindfulness) est sa passion. Elle enseigne mindfulness pour\u00a0 individus et aux environnements de travail. Marianne porte la pratique de la pleine conscience \u00e0 travers son propre \u00eatre d&rsquo;un mode de vie sain, qu&rsquo;elle enseigne dans ses diff\u00e9rents cours au Luxembourg et \u00e0 l&rsquo;\u00e9tranger.<\/p>\n<p>Fondatrice de \u00ab\u00a0go mindful\u00a0\u00bb<\/p>\n<p style=\"text-align: justify;\">Langues : DE, EN, FR, LU<\/p>\n<\/div><div class=\"fusion-button-wrapper\"><a class=\"fusion-button button-flat fusion-button-default-size button-default fusion-button-default button-1 fusion-button-default-span fusion-button-default-type\" target=\"_self\" href=\"https:\/\/wellbeingatwork.lu\/fr\/nous\"><i class=\"fa-chevron-left fas button-icon-left\" aria-hidden=\"true\"><\/i><span class=\"fusion-button-text\">Retour<\/span><\/a><\/div><div class=\"fusion-clearfix\"><\/div><\/div><\/div><\/div><\/div>\n","protected":false},"excerpt":{"rendered":"","protected":false},"author":2,"featured_media":0,"parent":685,"menu_order":8,"comment_status":"closed","ping_status":"closed","template":"100-width.php","meta":{"_acf_changed":false,"_price":"","_stock":"","_tribe_ticket_header":"","_tribe_default_ticket_provider":"","_tribe_ticket_capacity":"0","_ticket_start_date":"","_ticket_end_date":"","_tribe_ticket_show_description":"","_tribe_ticket_show_not_going":false,"_tribe_ticket_use_global_stock":"","_tribe_ticket_global_stock_level":"","_global_stock_mode":"","_global_stock_cap":"","_tribe_rsvp_for_event":"","_tribe_ticket_going_count":"","_tribe_ticket_not_going_count":"","_tribe_tickets_list":"[]","_tribe_ticket_has_attendee_info_fields":false,"footnotes":""},"class_list":["post-2101","page","type-page","status-publish","hentry"],"acf":[],"_links":{"self":[{"href":"https:\/\/wellbeingatwork.lu\/fr\/wp-json\/wp\/v2\/pages\/2101"}],"collection":[{"href":"https:\/\/wellbeingatwork.lu\/fr\/wp-json\/wp\/v2\/pages"}],"about":[{"href":"https:\/\/wellbeingatwork.lu\/fr\/wp-json\/wp\/v2\/types\/page"}],"author":[{"embeddable":true,"href":"https:\/\/wellbeingatwork.lu\/fr\/wp-json\/wp\/v2\/users\/2"}],"replies":[{"embeddable":true,"href":"https:\/\/wellbeingatwork.lu\/fr\/wp-json\/wp\/v2\/comments?post=2101"}],"version-history":[{"count":15,"href":"https:\/\/wellbeingatwork.lu\/fr\/wp-json\/wp\/v2\/pages\/2101\/revisions"}],"predecessor-version":[{"id":4772,"href":"https:\/\/wellbeingatwork.lu\/fr\/wp-json\/wp\/v2\/pages\/2101\/revisions\/4772"}],"up":[{"embeddable":true,"href":"https:\/\/wellbeingatwork.lu\/fr\/wp-json\/wp\/v2\/pages\/685"}],"wp:attachment":[{"href":"https:\/\/wellbeingatwork.lu\/fr\/wp-json\/wp\/v2\/media?parent=2101"}],"curies":[{"name":"wp","href":"https:\/\/api.w.org\/{rel}","templated":true}]}}