{"id":2096,"date":"2018-06-15T11:37:32","date_gmt":"2018-06-15T09:37:32","guid":{"rendered":"https:\/\/wellbeingatwork.lu\/nous\/viviane-kock-2"},"modified":"2022-10-14T12:14:31","modified_gmt":"2022-10-14T10:14:31","slug":"nancy-grandjean","status":"publish","type":"page","link":"https:\/\/wellbeingatwork.lu\/fr\/nous\/nancy-grandjean","title":{"rendered":"Nancy Grandjean"},"content":{"rendered":"<div class=\"fusion-fullwidth fullwidth-box fusion-builder-row-1 nonhundred-percent-fullwidth non-hundred-percent-height-scrolling\" style=\"--awb-border-radius-top-left:0px;--awb-border-radius-top-right:0px;--awb-border-radius-bottom-right:0px;--awb-border-radius-bottom-left:0px;--awb-flex-wrap:wrap;\" ><div class=\"fusion-builder-row fusion-row\"><div class=\"fusion-layout-column fusion_builder_column fusion-builder-column-0 fusion_builder_column_1_3 1_3 fusion-one-third fusion-column-first\" style=\"--awb-bg-size:cover;--awb-margin-bottom:2rem;width:33.333333333333%;width:calc(33.333333333333% - ( ( 4% ) * 0.33333333333333 ) );margin-right: 4%;\"><div class=\"fusion-column-wrapper fusion-flex-column-wrapper-legacy\"><div class=\"fusion-image-element fusion-image-align-center in-legacy-container\" style=\"text-align:center;--awb-caption-title-font-family:var(--h2_typography-font-family);--awb-caption-title-font-weight:var(--h2_typography-font-weight);--awb-caption-title-font-style:var(--h2_typography-font-style);--awb-caption-title-size:var(--h2_typography-font-size);--awb-caption-title-transform:var(--h2_typography-text-transform);--awb-caption-title-line-height:var(--h2_typography-line-height);--awb-caption-title-letter-spacing:var(--h2_typography-letter-spacing);\"><div class=\"imageframe-align-center\"><span class=\" fusion-imageframe imageframe-none imageframe-1 hover-type-none\"><img decoding=\"async\" width=\"293\" height=\"300\" title=\"Photo profil\" src=\"https:\/\/wellbeingatwork.lu\/wp-content\/uploads\/2020\/07\/Photo-profil-293x300.jpg\" alt class=\"img-responsive wp-image-4008\" srcset=\"https:\/\/wellbeingatwork.lu\/wp-content\/uploads\/2020\/07\/Photo-profil-200x205.jpg 200w, https:\/\/wellbeingatwork.lu\/wp-content\/uploads\/2020\/07\/Photo-profil-400x410.jpg 400w, https:\/\/wellbeingatwork.lu\/wp-content\/uploads\/2020\/07\/Photo-profil-600x614.jpg 600w, https:\/\/wellbeingatwork.lu\/wp-content\/uploads\/2020\/07\/Photo-profil-800x819.jpg 800w, https:\/\/wellbeingatwork.lu\/wp-content\/uploads\/2020\/07\/Photo-profil-1200x1229.jpg 1200w\" sizes=\"(max-width: 900px) 100vw, 400px\" \/><\/span><\/div><\/div><div class=\"fusion-clearfix\"><\/div><\/div><\/div><div class=\"fusion-layout-column fusion_builder_column fusion-builder-column-1 fusion_builder_column_2_3 2_3 fusion-two-third fusion-column-last\" style=\"--awb-bg-size:cover;width:66.666666666667%;width:calc(66.666666666667% - ( ( 4% ) * 0.66666666666667 ) );\"><div class=\"fusion-column-wrapper fusion-flex-column-wrapper-legacy\"><div class=\"fusion-title title fusion-title-1 fusion-sep-none fusion-title-text fusion-title-size-two\"><h2 class=\"fusion-title-heading title-heading-left\" style=\"margin:0;\">Nancy Grandjean<\/h2><\/div><div class=\"fusion-text fusion-text-1\"><p><strong>Consultante et Formatrice en healthy lifestyle<\/strong><\/p>\n<p style=\"text-align: justify;\">Hippocrate, le p\u00e8re de la m\u00e9decine disait: \u2018\u2019que ton aliment soit ta premi\u00e8re m\u00e9decine\u2018\u2019. Il ne pouvait pas s\u2019imaginer que 2 mill\u00e9naires plus tard \u2018\u2019le bien se nourrir\u2018\u2019 serait l&rsquo;une de nos grandes pr\u00e9occupations.<\/p>\n<p style=\"text-align: justify;\">Je m\u2019appelle Nancy Grandjean, je suis conseill\u00e8re certifi\u00e9e en alimentation vivante &amp; fondatrice de Food\u2019Vitalit\u00e9.<\/p>\n<p style=\"text-align: justify;\">En 2013, je d\u00e9cide d\u2019op\u00e9rer un virage \u00e0 180\u00b0 sur le plan professionnel et je me forme, dans un premier temps, aux bases de la di\u00e9t\u00e9tique, ensuite aux fondements de la nutrith\u00e9rapie et aux principes de l\u2019alimentation vivante pr\u00e9conis\u00e9s par l\u2019Institut du Dr. Ann Wigmore. Je suis \u00e9galement dipl\u00f4m\u00e9e de la c\u00e9l\u00e8bre Matthew Kenney Raw Food Academy.<\/p>\n<p style=\"text-align: justify;\">Depuis 2014, j\u2019organise et j&rsquo;anime des ateliers pratiques et conf\u00e9rences pour partager les nombreux bienfaits d\u2019une alimentation haute vitalit\u00e9.<\/p>\n<p style=\"text-align: justify;\">Langues: FR, EN<\/p>\n<\/div><div class=\"fusion-button-wrapper\"><a class=\"fusion-button button-flat fusion-button-default-size button-default fusion-button-default button-1 fusion-button-default-span fusion-button-default-type\" target=\"_self\" href=\"https:\/\/wellbeingatwork.lu\/fr\/nous\"><i class=\"fa-chevron-left fas button-icon-left\" aria-hidden=\"true\"><\/i><span class=\"fusion-button-text\">Retour<\/span><\/a><\/div><div class=\"fusion-clearfix\"><\/div><\/div><\/div><\/div><\/div>\n","protected":false},"excerpt":{"rendered":"","protected":false},"author":2,"featured_media":0,"parent":685,"menu_order":6,"comment_status":"closed","ping_status":"closed","template":"100-width.php","meta":{"_acf_changed":false,"_price":"","_stock":"","_tribe_ticket_header":"","_tribe_default_ticket_provider":"","_tribe_ticket_capacity":"0","_ticket_start_date":"","_ticket_end_date":"","_tribe_ticket_show_description":"","_tribe_ticket_show_not_going":false,"_tribe_ticket_use_global_stock":"","_tribe_ticket_global_stock_level":"","_global_stock_mode":"","_global_stock_cap":"","_tribe_rsvp_for_event":"","_tribe_ticket_going_count":"","_tribe_ticket_not_going_count":"","_tribe_tickets_list":"[]","_tribe_ticket_has_attendee_info_fields":false,"footnotes":""},"class_list":["post-2096","page","type-page","status-publish","hentry"],"acf":[],"_links":{"self":[{"href":"https:\/\/wellbeingatwork.lu\/fr\/wp-json\/wp\/v2\/pages\/2096"}],"collection":[{"href":"https:\/\/wellbeingatwork.lu\/fr\/wp-json\/wp\/v2\/pages"}],"about":[{"href":"https:\/\/wellbeingatwork.lu\/fr\/wp-json\/wp\/v2\/types\/page"}],"author":[{"embeddable":true,"href":"https:\/\/wellbeingatwork.lu\/fr\/wp-json\/wp\/v2\/users\/2"}],"replies":[{"embeddable":true,"href":"https:\/\/wellbeingatwork.lu\/fr\/wp-json\/wp\/v2\/comments?post=2096"}],"version-history":[{"count":16,"href":"https:\/\/wellbeingatwork.lu\/fr\/wp-json\/wp\/v2\/pages\/2096\/revisions"}],"predecessor-version":[{"id":4771,"href":"https:\/\/wellbeingatwork.lu\/fr\/wp-json\/wp\/v2\/pages\/2096\/revisions\/4771"}],"up":[{"embeddable":true,"href":"https:\/\/wellbeingatwork.lu\/fr\/wp-json\/wp\/v2\/pages\/685"}],"wp:attachment":[{"href":"https:\/\/wellbeingatwork.lu\/fr\/wp-json\/wp\/v2\/media?parent=2096"}],"curies":[{"name":"wp","href":"https:\/\/api.w.org\/{rel}","templated":true}]}}