{"id":2082,"date":"2018-06-15T11:37:32","date_gmt":"2018-06-15T09:37:32","guid":{"rendered":"https:\/\/wellbeingatwork.lu\/nous\/patrick-versee-2"},"modified":"2022-10-14T12:04:43","modified_gmt":"2022-10-14T10:04:43","slug":"viviane-kock","status":"publish","type":"page","link":"https:\/\/wellbeingatwork.lu\/fr\/nous\/viviane-kock","title":{"rendered":"Viviane Kock"},"content":{"rendered":"<div class=\"fusion-fullwidth fullwidth-box fusion-builder-row-1 nonhundred-percent-fullwidth non-hundred-percent-height-scrolling\" style=\"--awb-border-radius-top-left:0px;--awb-border-radius-top-right:0px;--awb-border-radius-bottom-right:0px;--awb-border-radius-bottom-left:0px;--awb-flex-wrap:wrap;\" ><div class=\"fusion-builder-row fusion-row\"><div class=\"fusion-layout-column fusion_builder_column fusion-builder-column-0 fusion_builder_column_1_3 1_3 fusion-one-third fusion-column-first\" style=\"--awb-bg-size:cover;--awb-margin-bottom:2rem;width:33.333333333333%;width:calc(33.333333333333% - ( ( 4% ) * 0.33333333333333 ) );margin-right: 4%;\"><div class=\"fusion-column-wrapper fusion-flex-column-wrapper-legacy\"><div class=\"fusion-image-element fusion-image-align-center in-legacy-container\" style=\"text-align:center;--awb-caption-title-font-family:var(--h2_typography-font-family);--awb-caption-title-font-weight:var(--h2_typography-font-weight);--awb-caption-title-font-style:var(--h2_typography-font-style);--awb-caption-title-size:var(--h2_typography-font-size);--awb-caption-title-transform:var(--h2_typography-text-transform);--awb-caption-title-line-height:var(--h2_typography-line-height);--awb-caption-title-letter-spacing:var(--h2_typography-letter-spacing);\"><div class=\"imageframe-align-center\"><span class=\" fusion-imageframe imageframe-none imageframe-1 hover-type-none\"><img decoding=\"async\" width=\"80\" height=\"80\" title=\"viviane_kock_thumb\" src=\"https:\/\/wellbeingatwork.lu\/wp-content\/uploads\/2018\/04\/viviane_kock_thumb.jpg\" alt class=\"img-responsive wp-image-2509\" srcset=\"https:\/\/wellbeingatwork.lu\/wp-content\/uploads\/2018\/04\/viviane_kock_thumb-66x66.jpg 66w, https:\/\/wellbeingatwork.lu\/wp-content\/uploads\/2018\/04\/viviane_kock_thumb.jpg 80w\" sizes=\"(max-width: 80px) 100vw, 80px\" \/><\/span><\/div><\/div><div class=\"fusion-clearfix\"><\/div><\/div><\/div><div class=\"fusion-layout-column fusion_builder_column fusion-builder-column-1 fusion_builder_column_2_3 2_3 fusion-two-third fusion-column-last\" style=\"--awb-bg-size:cover;width:66.666666666667%;width:calc(66.666666666667% - ( ( 4% ) * 0.66666666666667 ) );\"><div class=\"fusion-column-wrapper fusion-flex-column-wrapper-legacy\"><div class=\"fusion-title title fusion-title-1 fusion-sep-none fusion-title-text fusion-title-size-two\"><h2 class=\"fusion-title-heading title-heading-left\" style=\"margin:0;\">Viviane Kock<\/h2><\/div><div class=\"fusion-text fusion-text-1\"><p><strong>Consultante et Formatrice en travail flexible et t\u00e9l\u00e9travail\u00a0<\/strong><\/p>\n<p class=\"Standard\"><span lang=\"FR\" xml:lang=\"FR\">Passionn\u00e9e par les Relations Publiques, j\u2019ai choisis de me sp\u00e9cialiser pendant plus de 20 ans dans l&rsquo;\u00e9v\u00e8nementiel, en tant que Corporate Event Manager, Project Coordinator et Sales Manager dans des secteurs aussi vari\u00e9s que l&rsquo;h\u00f4tellerie de luxe, les Telecom et l&rsquo;informatique en passant par des soci\u00e9t\u00e9s \u00e9v\u00e8nementielles, de catering ainsi que des Centres de Convention.<\/span><\/p>\n<p class=\"Standard\"><span lang=\"FR\" xml:lang=\"FR\">Apr\u00e8s une reconversion gr\u00e2ce \u00e0 des \u00e9tudes ad\u00e9quates, et l&rsquo;envie d&rsquo;explorer davantage ma cr\u00e9ativit\u00e9 et mon sens profond pour l&rsquo;humain, je me suis lanc\u00e9e comme styliste d&rsquo;int\u00e9rieur et de bureau privatif avec une approche essentiellement bas\u00e9e sur la psychologie de l&rsquo;espace et des couleurs avant d&rsquo;aborder l&rsquo;esth\u00e9tisme m\u00eame.<\/span><\/p>\n<p class=\"Standard\"><span lang=\"FR\" xml:lang=\"FR\"><span lang=\"fr-BE\" xml:lang=\"fr-BE\">Des recherches profondes et des formations vari\u00e9es (psychologie du travail et de l&rsquo;espace, le nouveau management, le travail flexible, la nouvelle notion du temps priv\u00e9 et professionnel) ainsi que des interviews exclusifs avec des acteurs confirm\u00e9s dans le Nouveau Monde du Travail, m\u2019a permis de d\u00e9velopper une r\u00e9elle expertise sur le travail \u00e0 domicile et tous les th\u00e8mes qui en d\u00e9coulent.<\/span><\/span><\/p>\n<p><span lang=\"FR\" xml:lang=\"FR\"><span lang=\"fr-BE\" xml:lang=\"fr-BE\">Aujourd&rsquo;hui certifi\u00e9e en Travail Flexible et T\u00e9l\u00e9travail, je s<\/span><\/span><span lang=\"FR\" xml:lang=\"FR\">timule, guide les r\u00e9flexions et accompagne la mise en place du t\u00e9l\u00e9travail, des t\u00e9l\u00e9travailleurs et leurs managers.\u00a0\u00a0<\/span><\/p>\n<p class=\"Standard\"><span lang=\"FR\" xml:lang=\"FR\">Mon fil rouge est de pouvoir rassembler des personnes autour d&rsquo;une opportunit\u00e9 positive telle que la rencontre, l&rsquo;\u00e9coute, l&rsquo;\u00e9change, l&rsquo;apprentissage et l&rsquo;enrichissement tant en savoir-faire qu&rsquo;en savoir-\u00eatre.<\/span><\/p>\n<p>Fondatrice de \u00ab\u00a0Nest your desk\u00a0\u00bb<\/p>\n<p>Langues: FR, NL, EN, DE<\/p>\n<\/div><div class=\"fusion-button-wrapper\"><a class=\"fusion-button button-flat fusion-button-default-size button-default fusion-button-default button-1 fusion-button-default-span fusion-button-default-type\" target=\"_self\" href=\"https:\/\/wellbeingatwork.lu\/fr\/nous\"><i class=\"fa-chevron-left fas button-icon-left\" aria-hidden=\"true\"><\/i><span class=\"fusion-button-text\">Retour<\/span><\/a><\/div><div class=\"fusion-clearfix\"><\/div><\/div><\/div><\/div><\/div>\n","protected":false},"excerpt":{"rendered":"","protected":false},"author":2,"featured_media":0,"parent":685,"menu_order":5,"comment_status":"closed","ping_status":"closed","template":"100-width.php","meta":{"_acf_changed":false,"_price":"","_stock":"","_tribe_ticket_header":"","_tribe_default_ticket_provider":"","_tribe_ticket_capacity":"0","_ticket_start_date":"","_ticket_end_date":"","_tribe_ticket_show_description":"","_tribe_ticket_show_not_going":false,"_tribe_ticket_use_global_stock":"","_tribe_ticket_global_stock_level":"","_global_stock_mode":"","_global_stock_cap":"","_tribe_rsvp_for_event":"","_tribe_ticket_going_count":"","_tribe_ticket_not_going_count":"","_tribe_tickets_list":"[]","_tribe_ticket_has_attendee_info_fields":false,"footnotes":""},"class_list":["post-2082","page","type-page","status-publish","hentry"],"acf":[],"_links":{"self":[{"href":"https:\/\/wellbeingatwork.lu\/fr\/wp-json\/wp\/v2\/pages\/2082"}],"collection":[{"href":"https:\/\/wellbeingatwork.lu\/fr\/wp-json\/wp\/v2\/pages"}],"about":[{"href":"https:\/\/wellbeingatwork.lu\/fr\/wp-json\/wp\/v2\/types\/page"}],"author":[{"embeddable":true,"href":"https:\/\/wellbeingatwork.lu\/fr\/wp-json\/wp\/v2\/users\/2"}],"replies":[{"embeddable":true,"href":"https:\/\/wellbeingatwork.lu\/fr\/wp-json\/wp\/v2\/comments?post=2082"}],"version-history":[{"count":10,"href":"https:\/\/wellbeingatwork.lu\/fr\/wp-json\/wp\/v2\/pages\/2082\/revisions"}],"predecessor-version":[{"id":4763,"href":"https:\/\/wellbeingatwork.lu\/fr\/wp-json\/wp\/v2\/pages\/2082\/revisions\/4763"}],"up":[{"embeddable":true,"href":"https:\/\/wellbeingatwork.lu\/fr\/wp-json\/wp\/v2\/pages\/685"}],"wp:attachment":[{"href":"https:\/\/wellbeingatwork.lu\/fr\/wp-json\/wp\/v2\/media?parent=2082"}],"curies":[{"name":"wp","href":"https:\/\/api.w.org\/{rel}","templated":true}]}}