{"id":2080,"date":"2018-06-15T11:37:32","date_gmt":"2018-06-15T09:37:32","guid":{"rendered":"https:\/\/wellbeingatwork.lu\/nous\/claudine-schmitt-2"},"modified":"2022-10-14T12:06:23","modified_gmt":"2022-10-14T10:06:23","slug":"patrick-versee","status":"publish","type":"page","link":"https:\/\/wellbeingatwork.lu\/fr\/nous\/patrick-versee","title":{"rendered":"Patrick Versee"},"content":{"rendered":"<div class=\"fusion-fullwidth fullwidth-box fusion-builder-row-1 nonhundred-percent-fullwidth non-hundred-percent-height-scrolling\" style=\"--awb-border-radius-top-left:0px;--awb-border-radius-top-right:0px;--awb-border-radius-bottom-right:0px;--awb-border-radius-bottom-left:0px;--awb-flex-wrap:wrap;\" ><div class=\"fusion-builder-row fusion-row\"><div class=\"fusion-layout-column fusion_builder_column fusion-builder-column-0 fusion_builder_column_1_3 1_3 fusion-one-third fusion-column-first\" style=\"--awb-bg-size:cover;--awb-margin-bottom:2rem;width:33.333333333333%;width:calc(33.333333333333% - ( ( 4% ) * 0.33333333333333 ) );margin-right: 4%;\"><div class=\"fusion-column-wrapper fusion-flex-column-wrapper-legacy\"><div class=\"fusion-image-element fusion-image-align-center in-legacy-container\" style=\"text-align:center;--awb-caption-title-font-family:var(--h2_typography-font-family);--awb-caption-title-font-weight:var(--h2_typography-font-weight);--awb-caption-title-font-style:var(--h2_typography-font-style);--awb-caption-title-size:var(--h2_typography-font-size);--awb-caption-title-transform:var(--h2_typography-text-transform);--awb-caption-title-line-height:var(--h2_typography-line-height);--awb-caption-title-letter-spacing:var(--h2_typography-letter-spacing);\"><div class=\"imageframe-align-center\"><span class=\" fusion-imageframe imageframe-none imageframe-1 hover-type-none\"><img decoding=\"async\" width=\"114\" height=\"114\" title=\"PastedGraphic-1\" src=\"https:\/\/wellbeingatwork.lu\/wp-content\/uploads\/2018\/04\/PastedGraphic-1-e1523785622505.png\" alt class=\"img-responsive wp-image-2517\"\/><\/span><\/div><\/div><div class=\"fusion-clearfix\"><\/div><\/div><\/div><div class=\"fusion-layout-column fusion_builder_column fusion-builder-column-1 fusion_builder_column_2_3 2_3 fusion-two-third fusion-column-last\" style=\"--awb-bg-size:cover;width:66.666666666667%;width:calc(66.666666666667% - ( ( 4% ) * 0.66666666666667 ) );\"><div class=\"fusion-column-wrapper fusion-flex-column-wrapper-legacy\"><div class=\"fusion-title title fusion-title-1 fusion-sep-none fusion-title-text fusion-title-size-two\"><h2 class=\"fusion-title-heading title-heading-left\" style=\"margin:0;\">Patrick Versee<\/h2><\/div><div class=\"fusion-text fusion-text-1\"><p><strong>Consultant en cr\u00e9ation d&rsquo;espace de co-working\u00a0<\/strong><\/p>\n<p style=\"text-align: justify;\">Int\u00e9ress\u00e9 par l\u2019\u00e9volution du travail et par notre relation au travail, j\u2019accompagne des entreprises et leurs collaborateurs dans des projets de r\u00e9organisation spatiale.<\/p>\n<p style=\"text-align: justify;\">La construction d\u2019une vision environnementale hollistique du travail et de ses \u00e9volutions me passionne et je suis en recherche permanente sur les sujets relatifs \u00e0 l\u2019innovation, la libert\u00e9, l\u2019engagement et les \u00e9volutions \u00e0 moyen et long terme du travail.<\/p>\n<p style=\"text-align: justify;\">A l\u2019avenir tous les syst\u00e8mes qui vont cr\u00e9er de la valeur seront bas\u00e9s sur le partage sur le lieu de travail. Pour cr\u00e9er de la valeur , il va falloir encourager la contribution d\u2019acteurs venant de diff\u00e9rents horizons.<\/p>\n<p>Fondateur\u00a0 \u00ab\u00a0it&rsquo;s not an office\u00a0\u00bb<\/p>\n<p>Langues: NL, FR, EN, DE<\/p>\n<\/div><div class=\"fusion-button-wrapper\"><a class=\"fusion-button button-flat fusion-button-default-size button-default fusion-button-default button-1 fusion-button-default-span fusion-button-default-type\" target=\"_self\" href=\"https:\/\/wellbeingatwork.lu\/fr\/nous\"><i class=\"fa-chevron-left fas button-icon-left\" aria-hidden=\"true\"><\/i><span class=\"fusion-button-text\">Retour<\/span><\/a><\/div><div class=\"fusion-clearfix\"><\/div><\/div><\/div><\/div><\/div>\n","protected":false},"excerpt":{"rendered":"","protected":false},"author":2,"featured_media":0,"parent":685,"menu_order":1,"comment_status":"closed","ping_status":"closed","template":"100-width.php","meta":{"_acf_changed":false,"_price":"","_stock":"","_tribe_ticket_header":"","_tribe_default_ticket_provider":"","_tribe_ticket_capacity":"0","_ticket_start_date":"","_ticket_end_date":"","_tribe_ticket_show_description":"","_tribe_ticket_show_not_going":false,"_tribe_ticket_use_global_stock":"","_tribe_ticket_global_stock_level":"","_global_stock_mode":"","_global_stock_cap":"","_tribe_rsvp_for_event":"","_tribe_ticket_going_count":"","_tribe_ticket_not_going_count":"","_tribe_tickets_list":"[]","_tribe_ticket_has_attendee_info_fields":false,"footnotes":""},"class_list":["post-2080","page","type-page","status-publish","hentry"],"acf":[],"_links":{"self":[{"href":"https:\/\/wellbeingatwork.lu\/fr\/wp-json\/wp\/v2\/pages\/2080"}],"collection":[{"href":"https:\/\/wellbeingatwork.lu\/fr\/wp-json\/wp\/v2\/pages"}],"about":[{"href":"https:\/\/wellbeingatwork.lu\/fr\/wp-json\/wp\/v2\/types\/page"}],"author":[{"embeddable":true,"href":"https:\/\/wellbeingatwork.lu\/fr\/wp-json\/wp\/v2\/users\/2"}],"replies":[{"embeddable":true,"href":"https:\/\/wellbeingatwork.lu\/fr\/wp-json\/wp\/v2\/comments?post=2080"}],"version-history":[{"count":12,"href":"https:\/\/wellbeingatwork.lu\/fr\/wp-json\/wp\/v2\/pages\/2080\/revisions"}],"predecessor-version":[{"id":4766,"href":"https:\/\/wellbeingatwork.lu\/fr\/wp-json\/wp\/v2\/pages\/2080\/revisions\/4766"}],"up":[{"embeddable":true,"href":"https:\/\/wellbeingatwork.lu\/fr\/wp-json\/wp\/v2\/pages\/685"}],"wp:attachment":[{"href":"https:\/\/wellbeingatwork.lu\/fr\/wp-json\/wp\/v2\/media?parent=2080"}],"curies":[{"name":"wp","href":"https:\/\/api.w.org\/{rel}","templated":true}]}}