{"id":2665,"date":"2019-01-06T18:32:25","date_gmt":"2019-01-06T17:32:25","guid":{"rendered":"https:\/\/wellbeingatwork.lu\/ueber-uns\/lene-pedersen"},"modified":"2025-02-28T16:24:38","modified_gmt":"2025-02-28T15:24:38","slug":"anne-bausch-brisbois","status":"publish","type":"page","link":"https:\/\/wellbeingatwork.lu\/de\/ueber-uns\/anne-bausch-brisbois","title":{"rendered":"Anne Bausch-Brisbois"},"content":{"rendered":"<div class=\"fusion-fullwidth fullwidth-box fusion-builder-row-1 nonhundred-percent-fullwidth non-hundred-percent-height-scrolling\" style=\"--awb-border-radius-top-left:0px;--awb-border-radius-top-right:0px;--awb-border-radius-bottom-right:0px;--awb-border-radius-bottom-left:0px;--awb-flex-wrap:wrap;\" ><div class=\"fusion-builder-row fusion-row\"><div class=\"fusion-layout-column fusion_builder_column fusion-builder-column-0 fusion_builder_column_1_3 1_3 fusion-one-third fusion-column-first\" style=\"--awb-bg-size:cover;--awb-margin-bottom:2rem;width:33.333333333333%;width:calc(33.333333333333% - ( ( 4% ) * 0.33333333333333 ) );margin-right: 4%;\"><div class=\"fusion-column-wrapper fusion-flex-column-wrapper-legacy\"><div class=\"fusion-image-element fusion-image-align-center in-legacy-container\" style=\"text-align:center;--awb-caption-title-font-family:var(--h2_typography-font-family);--awb-caption-title-font-weight:var(--h2_typography-font-weight);--awb-caption-title-font-style:var(--h2_typography-font-style);--awb-caption-title-size:var(--h2_typography-font-size);--awb-caption-title-transform:var(--h2_typography-text-transform);--awb-caption-title-line-height:var(--h2_typography-line-height);--awb-caption-title-letter-spacing:var(--h2_typography-letter-spacing);\"><div class=\"imageframe-align-center\"><span class=\" fusion-imageframe imageframe-none imageframe-1 hover-type-none\"><img decoding=\"async\" width=\"150\" height=\"150\" title=\"Profilbild\" src=\"https:\/\/wellbeingatwork.lu\/wp-content\/uploads\/2019\/04\/Profilbild-150x150.jpg\" alt class=\"img-responsive wp-image-3083\" srcset=\"https:\/\/wellbeingatwork.lu\/wp-content\/uploads\/2019\/04\/Profilbild-66x66.jpg 66w, https:\/\/wellbeingatwork.lu\/wp-content\/uploads\/2019\/04\/Profilbild-150x150.jpg 150w\" sizes=\"(max-width: 150px) 100vw, 150px\" \/><\/span><\/div><\/div><div class=\"fusion-clearfix\"><\/div><\/div><\/div><div class=\"fusion-layout-column fusion_builder_column fusion-builder-column-1 fusion_builder_column_2_3 2_3 fusion-two-third fusion-column-last\" style=\"--awb-bg-size:cover;width:66.666666666667%;width:calc(66.666666666667% - ( ( 4% ) * 0.66666666666667 ) );\"><div class=\"fusion-column-wrapper fusion-flex-column-wrapper-legacy\"><div class=\"fusion-title title fusion-title-1 fusion-sep-none fusion-title-text fusion-title-size-two\"><h2 class=\"fusion-title-heading title-heading-left\" style=\"margin:0;\">Anne Bausch-Brisbois<\/h2><\/div><div class=\"fusion-text fusion-text-1\"><p><b>Gesundheitsmanagement-Expertin<\/b><\/p>\n<ul>\n<li>Betriebswirtin IHK<\/li>\n<li>Betriebliche Gesundheitsmanagerin<\/li>\n<li>Gesundheitsexpertin im Betrieb f\u00fcr Ergonomie und R\u00fcckengesundheit<\/li>\n<li>Gesundheitsexpertin im Betrieb f\u00fcr die F\u00f6rderung der Psychosozialen Gesundheit<\/li>\n<li>Entspannungstrainerin<\/li>\n<li>Kursleiterin f\u00fcr Stressmanagement und Resilienz<\/li>\n<li>Mentaltrainerin<\/li>\n<li>Kursleiterin Pilates<\/li>\n<li>Personal Trainerin<\/li>\n<\/ul>\n<p style=\"text-align: justify;\">Nach meiner kaufm\u00e4nnischen Ausbildung in Deutschland zur Speditionskauffrau und 15 Jahren in der Logistikbranche in Luxemburg habe ich nach meiner 2. Elternzeit festgestellt dass es Zeit f\u00fcr eine Ver\u00e4nderung ist. Da Sport und Tanz seit meiner Kindheit fester Lebensbestandteil sind, habe ich eine M\u00f6glichkeit gesucht wie ich die Leidenschaft mit dem Beruf verbinden kann und bin dabei auf die Thematik des Betrieblichen Gesundheitsmanagement aufmerksam geworden.<\/p>\n<p style=\"text-align: justify;\">Im Jahr 2016 habe ich dann meinen Beruf in der Kontraktlogistik aufgegeben, um mich den Ausbildungen zur Betrieblichen Gesundheitsmanagerin sowie Personal Trainerin mit dem Schwerpunkt Mentale Fitness zu widmen und diese erfolgreich zu absolvieren.<\/p>\n<p style=\"text-align: justify;\">Ich habe meine Berufung gefunden in der Begleitung von Einzelpersonen um ein Gleichgewicht zwischen Beruf und Privatleben zu finden, und allgemein in der Zusammenarbeit mit Gruppen, um ihren Gesundheitszustand vorzubeugen und zu verbessern.<\/p>\n<p>Langues: DE, LU,\u00a0 EN, FR<\/p>\n<\/div><div class=\"fusion-button-wrapper\"><a class=\"fusion-button button-flat fusion-button-default-size button-default fusion-button-default button-1 fusion-button-default-span fusion-button-default-type\" target=\"_self\" href=\"https:\/\/wellbeingatwork.lu\/de\/ueber-uns\"><i class=\"fa-chevron-left fas button-icon-left\" aria-hidden=\"true\"><\/i><span class=\"fusion-button-text\">Zur\u00fcck<\/span><\/a><\/div><div class=\"fusion-clearfix\"><\/div><\/div><\/div><\/div><\/div>\n","protected":false},"excerpt":{"rendered":"","protected":false},"author":1,"featured_media":0,"parent":1284,"menu_order":11,"comment_status":"closed","ping_status":"closed","template":"","meta":{"_acf_changed":false,"_price":"","_stock":"","_tribe_ticket_header":"","_tribe_default_ticket_provider":"","_tribe_ticket_capacity":"0","_ticket_start_date":"","_ticket_end_date":"","_tribe_ticket_show_description":"","_tribe_ticket_show_not_going":false,"_tribe_ticket_use_global_stock":"","_tribe_ticket_global_stock_level":"","_global_stock_mode":"","_global_stock_cap":"","_tribe_rsvp_for_event":"","_tribe_ticket_going_count":"","_tribe_ticket_not_going_count":"","_tribe_tickets_list":"[]","_tribe_ticket_has_attendee_info_fields":false,"footnotes":""},"class_list":["post-2665","page","type-page","status-publish","hentry"],"acf":[],"_links":{"self":[{"href":"https:\/\/wellbeingatwork.lu\/de\/wp-json\/wp\/v2\/pages\/2665"}],"collection":[{"href":"https:\/\/wellbeingatwork.lu\/de\/wp-json\/wp\/v2\/pages"}],"about":[{"href":"https:\/\/wellbeingatwork.lu\/de\/wp-json\/wp\/v2\/types\/page"}],"author":[{"embeddable":true,"href":"https:\/\/wellbeingatwork.lu\/de\/wp-json\/wp\/v2\/users\/1"}],"replies":[{"embeddable":true,"href":"https:\/\/wellbeingatwork.lu\/de\/wp-json\/wp\/v2\/comments?post=2665"}],"version-history":[{"count":6,"href":"https:\/\/wellbeingatwork.lu\/de\/wp-json\/wp\/v2\/pages\/2665\/revisions"}],"predecessor-version":[{"id":4882,"href":"https:\/\/wellbeingatwork.lu\/de\/wp-json\/wp\/v2\/pages\/2665\/revisions\/4882"}],"up":[{"embeddable":true,"href":"https:\/\/wellbeingatwork.lu\/de\/wp-json\/wp\/v2\/pages\/1284"}],"wp:attachment":[{"href":"https:\/\/wellbeingatwork.lu\/de\/wp-json\/wp\/v2\/media?parent=2665"}],"curies":[{"name":"wp","href":"https:\/\/api.w.org\/{rel}","templated":true}]}}