{"id":2270,"date":"2018-06-15T11:37:32","date_gmt":"2018-06-15T09:37:32","guid":{"rendered":"https:\/\/wellbeingatwork.lu\/about\/beatrix-charlier-2"},"modified":"2020-01-06T10:24:08","modified_gmt":"2020-01-06T09:24:08","slug":"beatrix-charlier","status":"publish","type":"page","link":"https:\/\/wellbeingatwork.lu\/de\/ueber-uns\/beatrix-charlier","title":{"rendered":"Beatrix Charlier"},"content":{"rendered":"<div class=\"fusion-fullwidth fullwidth-box fusion-builder-row-1 nonhundred-percent-fullwidth non-hundred-percent-height-scrolling\" style=\"--awb-border-radius-top-left:0px;--awb-border-radius-top-right:0px;--awb-border-radius-bottom-right:0px;--awb-border-radius-bottom-left:0px;--awb-flex-wrap:wrap;\" ><div class=\"fusion-builder-row fusion-row\"><div class=\"fusion-layout-column fusion_builder_column fusion-builder-column-0 fusion_builder_column_1_3 1_3 fusion-one-third fusion-column-first\" style=\"--awb-bg-size:cover;--awb-margin-bottom:2rem;width:33.333333333333%;width:calc(33.333333333333% - ( ( 4% ) * 0.33333333333333 ) );margin-right: 4%;\"><div class=\"fusion-column-wrapper fusion-flex-column-wrapper-legacy\"><div class=\"fusion-image-element fusion-image-align-center in-legacy-container\" style=\"text-align:center;--awb-caption-title-font-family:var(--h2_typography-font-family);--awb-caption-title-font-weight:var(--h2_typography-font-weight);--awb-caption-title-font-style:var(--h2_typography-font-style);--awb-caption-title-size:var(--h2_typography-font-size);--awb-caption-title-transform:var(--h2_typography-text-transform);--awb-caption-title-line-height:var(--h2_typography-line-height);--awb-caption-title-letter-spacing:var(--h2_typography-letter-spacing);\"><div class=\"imageframe-align-center\"><span class=\" fusion-imageframe imageframe-none imageframe-1 hover-type-none\"><img decoding=\"async\" width=\"150\" height=\"150\" title=\"HD-credit-photo-Marie-De-Decker-00010\" src=\"https:\/\/wellbeingatwork.lu\/wp-content\/uploads\/2020\/01\/HD-credit-photo-Marie-De-Decker-00010-150x150.jpg\" alt class=\"img-responsive wp-image-3343\" srcset=\"https:\/\/wellbeingatwork.lu\/wp-content\/uploads\/2020\/01\/HD-credit-photo-Marie-De-Decker-00010-200x200.jpg 200w, https:\/\/wellbeingatwork.lu\/wp-content\/uploads\/2020\/01\/HD-credit-photo-Marie-De-Decker-00010-400x400.jpg 400w, https:\/\/wellbeingatwork.lu\/wp-content\/uploads\/2020\/01\/HD-credit-photo-Marie-De-Decker-00010-600x600.jpg 600w, https:\/\/wellbeingatwork.lu\/wp-content\/uploads\/2020\/01\/HD-credit-photo-Marie-De-Decker-00010-800x800.jpg 800w, https:\/\/wellbeingatwork.lu\/wp-content\/uploads\/2020\/01\/HD-credit-photo-Marie-De-Decker-00010-1200x1200.jpg 1200w\" sizes=\"(max-width: 900px) 100vw, 400px\" \/><\/span><\/div><\/div><div class=\"fusion-clearfix\"><\/div><\/div><\/div><div class=\"fusion-layout-column fusion_builder_column fusion-builder-column-1 fusion_builder_column_2_3 2_3 fusion-two-third fusion-column-last\" style=\"--awb-bg-size:cover;width:66.666666666667%;width:calc(66.666666666667% - ( ( 4% ) * 0.66666666666667 ) );\"><div class=\"fusion-column-wrapper fusion-flex-column-wrapper-legacy\"><div class=\"fusion-title title fusion-title-1 fusion-sep-none fusion-title-text fusion-title-size-two\"><h2 class=\"fusion-title-heading title-heading-left\" style=\"margin:0;\">Beatrix Charlier<\/h2><\/div><div class=\"fusion-text fusion-text-1\"><p><strong>Coach et consultante en gestion des talents<\/strong><\/p>\n<p style=\"text-align: justify;\">Cr\u00e9\u00e9 en 2016 au Luxembourg, je dirige le cabinet de conseil P\u2019OP. Gr\u00e2ce \u00e0 mon exp\u00e9rience du coaching et de l\u2019enseignement, P\u2019OP met \u00e0 disposition des\u00a0<a href=\"https:\/\/www.p-op.lu\/entreprises\/\">entreprises<\/a>\u00a0une approche novatrice pour d\u00e9couvrir ou faire \u00e9merger les talents, am\u00e9liorer la collaboration interg\u00e9n\u00e9rationnelle sur le lieu de travail et f\u00e9d\u00e9rer les \u00e9quipes autour d\u2019un projet commun qui aidera au d\u00e9veloppement de l\u2019entreprise. P\u2019OP propose aux entreprises de (re) d\u00e9finir leurs valeurs et d\u2019agir pour qu\u2019elles soient en phase avec les aspirations de leurs salari\u00e9s, afin de leur donner envie de s\u2019investir \u00e0 long terme. Le cabinet op\u00e8re directement au sein de l\u2019entreprise, \u00e0 travers des workshops participatifs, pour aider au recrutement des talents et \u00e0 la meilleure fluidit\u00e9 des collaborations interpersonnelles.<\/p>\n<p>Fondatrice de &#8222;P&#8217;OP&#8220;<\/p>\n<p>Langues: FR, EN, NL<\/p>\n<\/div><div class=\"fusion-button-wrapper\"><a class=\"fusion-button button-flat fusion-button-default-size button-default fusion-button-default button-1 fusion-button-default-span fusion-button-default-type as-textlink\" target=\"_self\" href=\"https:\/\/wellbeingatwork.lu\/de\/ueber-uns\"><i class=\"fa-chevron-left fas button-icon-left\" aria-hidden=\"true\"><\/i><span class=\"fusion-button-text\">Zur\u00fcck<\/span><\/a><\/div><div class=\"fusion-clearfix\"><\/div><\/div><\/div><\/div><\/div>\n","protected":false},"excerpt":{"rendered":"","protected":false},"author":2,"featured_media":0,"parent":1284,"menu_order":10,"comment_status":"closed","ping_status":"closed","template":"100-width.php","meta":{"_acf_changed":false,"_price":"","_stock":"","_tribe_ticket_header":"","_tribe_default_ticket_provider":"","_tribe_ticket_capacity":"0","_ticket_start_date":"","_ticket_end_date":"","_tribe_ticket_show_description":"","_tribe_ticket_show_not_going":false,"_tribe_ticket_use_global_stock":"","_tribe_ticket_global_stock_level":"","_global_stock_mode":"","_global_stock_cap":"","_tribe_rsvp_for_event":"","_tribe_ticket_going_count":"","_tribe_ticket_not_going_count":"","_tribe_tickets_list":"[]","_tribe_ticket_has_attendee_info_fields":false,"footnotes":""},"class_list":["post-2270","page","type-page","status-publish","hentry"],"acf":[],"_links":{"self":[{"href":"https:\/\/wellbeingatwork.lu\/de\/wp-json\/wp\/v2\/pages\/2270"}],"collection":[{"href":"https:\/\/wellbeingatwork.lu\/de\/wp-json\/wp\/v2\/pages"}],"about":[{"href":"https:\/\/wellbeingatwork.lu\/de\/wp-json\/wp\/v2\/types\/page"}],"author":[{"embeddable":true,"href":"https:\/\/wellbeingatwork.lu\/de\/wp-json\/wp\/v2\/users\/2"}],"replies":[{"embeddable":true,"href":"https:\/\/wellbeingatwork.lu\/de\/wp-json\/wp\/v2\/comments?post=2270"}],"version-history":[{"count":6,"href":"https:\/\/wellbeingatwork.lu\/de\/wp-json\/wp\/v2\/pages\/2270\/revisions"}],"predecessor-version":[{"id":3349,"href":"https:\/\/wellbeingatwork.lu\/de\/wp-json\/wp\/v2\/pages\/2270\/revisions\/3349"}],"up":[{"embeddable":true,"href":"https:\/\/wellbeingatwork.lu\/de\/wp-json\/wp\/v2\/pages\/1284"}],"wp:attachment":[{"href":"https:\/\/wellbeingatwork.lu\/de\/wp-json\/wp\/v2\/media?parent=2270"}],"curies":[{"name":"wp","href":"https:\/\/api.w.org\/{rel}","templated":true}]}}