{"id":2266,"date":"2018-06-15T11:37:32","date_gmt":"2018-06-15T09:37:32","guid":{"rendered":"https:\/\/wellbeingatwork.lu\/about\/lene-pedersen-2"},"modified":"2022-10-14T12:00:41","modified_gmt":"2022-10-14T10:00:41","slug":"marianne-reimann","status":"publish","type":"page","link":"https:\/\/wellbeingatwork.lu\/de\/ueber-uns\/marianne-reimann","title":{"rendered":"Marianne Reimann"},"content":{"rendered":"<div class=\"fusion-fullwidth fullwidth-box fusion-builder-row-1 nonhundred-percent-fullwidth non-hundred-percent-height-scrolling\" style=\"--awb-border-radius-top-left:0px;--awb-border-radius-top-right:0px;--awb-border-radius-bottom-right:0px;--awb-border-radius-bottom-left:0px;--awb-flex-wrap:wrap;\" ><div class=\"fusion-builder-row fusion-row\"><div class=\"fusion-layout-column fusion_builder_column fusion-builder-column-0 fusion_builder_column_1_3 1_3 fusion-one-third fusion-column-first\" style=\"--awb-bg-size:cover;--awb-margin-bottom:2rem;width:33.333333333333%;width:calc(33.333333333333% - ( ( 4% ) * 0.33333333333333 ) );margin-right: 4%;\"><div class=\"fusion-column-wrapper fusion-flex-column-wrapper-legacy\"><div class=\"fusion-image-element fusion-image-align-center in-legacy-container\" style=\"text-align:center;--awb-caption-title-font-family:var(--h2_typography-font-family);--awb-caption-title-font-weight:var(--h2_typography-font-weight);--awb-caption-title-font-style:var(--h2_typography-font-style);--awb-caption-title-size:var(--h2_typography-font-size);--awb-caption-title-transform:var(--h2_typography-text-transform);--awb-caption-title-line-height:var(--h2_typography-line-height);--awb-caption-title-letter-spacing:var(--h2_typography-letter-spacing);\"><div class=\"imageframe-align-center\"><span class=\" fusion-imageframe imageframe-none imageframe-1 hover-type-none\"><img decoding=\"async\" width=\"150\" height=\"150\" title=\"Marianne Reimann\" src=\"https:\/\/wellbeingatwork.lu\/wp-content\/uploads\/2019\/01\/Marianne-Reimann-150x150.jpeg\" alt class=\"img-responsive wp-image-2495\" srcset=\"https:\/\/wellbeingatwork.lu\/wp-content\/uploads\/2019\/01\/Marianne-Reimann-200x200.jpeg 200w, https:\/\/wellbeingatwork.lu\/wp-content\/uploads\/2019\/01\/Marianne-Reimann.jpeg 276w\" sizes=\"(max-width: 900px) 100vw, 150px\" \/><\/span><\/div><\/div><div class=\"fusion-clearfix\"><\/div><\/div><\/div><div class=\"fusion-layout-column fusion_builder_column fusion-builder-column-1 fusion_builder_column_2_3 2_3 fusion-two-third fusion-column-last\" style=\"--awb-bg-size:cover;width:66.666666666667%;width:calc(66.666666666667% - ( ( 4% ) * 0.66666666666667 ) );\"><div class=\"fusion-column-wrapper fusion-flex-column-wrapper-legacy\"><div class=\"fusion-title title fusion-title-1 fusion-sep-none fusion-title-text fusion-title-size-two\"><h2 class=\"fusion-title-heading title-heading-left\" style=\"margin:0;\">Marianne Reimann<\/h2><\/div><div class=\"fusion-text fusion-text-1\"><p><strong>Trainer, Berater, Coach<\/strong><\/p>\n<p style=\"text-align: justify;\">Marianne greift auf 20 Jahre Erfahrung im Personalmanagement in verschiedenen Branchen mit den Schwerpunkten Personal- und Organisationsentwicklung wie Training, Talentmanagement, Rekrutierung, Onboarding, Prozesssicherung, Restrukturierungen zur\u00fcck. Sie hat viele Jahre Erfahrung in der Teamf\u00fchrung und in der Leitung eines Weiterbildungszentrums der Erwachsenenbildung.<\/p>\n<p style=\"text-align: justify;\">Sie ist geb\u00fcrtig aus Deutschland und hat in Frankreich und in den USA gelebt, studiert und gearbeitet. Luxembourg ist ihre Wahlheimat seit fast 2 Jahrzehnten, wo sie mit ihrer Familie gl\u00fccklich lebt. Durch das Leben in verschiedenen L\u00e4ndern und die interkulturelle Zusammenarbeit in ihren Teams, kennt Marianne aus eigenem Sein und Tun den Umgang und die Herausforderungen in verschiedenen sozio-kulturellen Kontexten und Organisationen.<\/p>\n<p style=\"text-align: justify;\">Offenheit, Neugierde und Freundlichkeit sind f\u00fcr sie wichtige Haltungen, mit denen Sie Menschen, Erfahrungen und neuen Aufgaben begegnet.<\/p>\n<p style=\"text-align: justify;\">Marianne ist diplomierte Wirtschaftswissenschaftlerin mit dem Schwerpunkt Human Ressources Management, Business Englisch und Business Franz\u00f6sisch der Studienrichtung International Business Studies. Au\u00dferdem ist sie zertifizierter Master Coach, zertifizierte Kr\u00e4uterp\u00e4dagogin (Achtsamkeit in der Natur), zertifizierte Trainerin f\u00fcr verschiedene Programme der Achtsamkeit, Resilienz und achtsames Selbstmitgef\u00fchl zur ganzheitlichen Gesundheitsf\u00f6rderung, Stressbew\u00e4ltigung und Burnoutpr\u00e4vention. Achtsamkeit ist ihre Passion. Achtsamkeit f\u00fcr Einzelpersonen und Arbeitswelten ist ihre Expertise. Die Praxis der Achtsamkeit tr\u00e4gt Marianne durch ihr eigenes Sein einer gesunden Lebensf\u00fchrung, die sie in ihren vielf\u00e4ltigen Kursen in und au\u00dferhalb Luxemburgs vermittelt.<\/p>\n<p>Gr\u00fcnderin von &#8222;go mindful&#8220;<\/p>\n<p>Sprachen: DE, EN, FR, LU<\/p>\n<\/div><div class=\"fusion-button-wrapper\"><a class=\"fusion-button button-flat fusion-button-default-size button-default fusion-button-default button-1 fusion-button-default-span fusion-button-default-type\" target=\"_self\" href=\"https:\/\/wellbeingatwork.lu\/de\/ueber-uns\"><i class=\"fa-chevron-left fas button-icon-left\" aria-hidden=\"true\"><\/i><span class=\"fusion-button-text\">Zur\u00fcck<\/span><\/a><\/div><div class=\"fusion-clearfix\"><\/div><\/div><\/div><\/div><\/div>\n","protected":false},"excerpt":{"rendered":"","protected":false},"author":2,"featured_media":0,"parent":1284,"menu_order":8,"comment_status":"closed","ping_status":"closed","template":"100-width.php","meta":{"_acf_changed":false,"_price":"","_stock":"","_tribe_ticket_header":"","_tribe_default_ticket_provider":"","_tribe_ticket_capacity":"0","_ticket_start_date":"","_ticket_end_date":"","_tribe_ticket_show_description":"","_tribe_ticket_show_not_going":false,"_tribe_ticket_use_global_stock":"","_tribe_ticket_global_stock_level":"","_global_stock_mode":"","_global_stock_cap":"","_tribe_rsvp_for_event":"","_tribe_ticket_going_count":"","_tribe_ticket_not_going_count":"","_tribe_tickets_list":"[]","_tribe_ticket_has_attendee_info_fields":false,"footnotes":""},"class_list":["post-2266","page","type-page","status-publish","hentry"],"acf":[],"_links":{"self":[{"href":"https:\/\/wellbeingatwork.lu\/de\/wp-json\/wp\/v2\/pages\/2266"}],"collection":[{"href":"https:\/\/wellbeingatwork.lu\/de\/wp-json\/wp\/v2\/pages"}],"about":[{"href":"https:\/\/wellbeingatwork.lu\/de\/wp-json\/wp\/v2\/types\/page"}],"author":[{"embeddable":true,"href":"https:\/\/wellbeingatwork.lu\/de\/wp-json\/wp\/v2\/users\/2"}],"replies":[{"embeddable":true,"href":"https:\/\/wellbeingatwork.lu\/de\/wp-json\/wp\/v2\/comments?post=2266"}],"version-history":[{"count":16,"href":"https:\/\/wellbeingatwork.lu\/de\/wp-json\/wp\/v2\/pages\/2266\/revisions"}],"predecessor-version":[{"id":4760,"href":"https:\/\/wellbeingatwork.lu\/de\/wp-json\/wp\/v2\/pages\/2266\/revisions\/4760"}],"up":[{"embeddable":true,"href":"https:\/\/wellbeingatwork.lu\/de\/wp-json\/wp\/v2\/pages\/1284"}],"wp:attachment":[{"href":"https:\/\/wellbeingatwork.lu\/de\/wp-json\/wp\/v2\/media?parent=2266"}],"curies":[{"name":"wp","href":"https:\/\/api.w.org\/{rel}","templated":true}]}}