{"id":2264,"date":"2018-06-15T11:37:32","date_gmt":"2018-06-15T09:37:32","guid":{"rendered":"https:\/\/wellbeingatwork.lu\/about\/claudia-closmann-neumeister-2"},"modified":"2022-10-14T11:57:38","modified_gmt":"2022-10-14T09:57:38","slug":"nancy-grandjean","status":"publish","type":"page","link":"https:\/\/wellbeingatwork.lu\/de\/ueber-uns\/nancy-grandjean","title":{"rendered":"Nancy Grandjean"},"content":{"rendered":"<div class=\"fusion-fullwidth fullwidth-box fusion-builder-row-1 nonhundred-percent-fullwidth non-hundred-percent-height-scrolling\" style=\"--awb-border-radius-top-left:0px;--awb-border-radius-top-right:0px;--awb-border-radius-bottom-right:0px;--awb-border-radius-bottom-left:0px;--awb-flex-wrap:wrap;\" ><div class=\"fusion-builder-row fusion-row\"><div class=\"fusion-layout-column fusion_builder_column fusion-builder-column-0 fusion_builder_column_1_3 1_3 fusion-one-third fusion-column-first\" style=\"--awb-bg-size:cover;--awb-margin-bottom:2rem;width:33.333333333333%;width:calc(33.333333333333% - ( ( 4% ) * 0.33333333333333 ) );margin-right: 4%;\"><div class=\"fusion-column-wrapper fusion-flex-column-wrapper-legacy\"><div class=\"fusion-image-element fusion-image-align-center in-legacy-container\" style=\"text-align:center;--awb-caption-title-font-family:var(--h2_typography-font-family);--awb-caption-title-font-weight:var(--h2_typography-font-weight);--awb-caption-title-font-style:var(--h2_typography-font-style);--awb-caption-title-size:var(--h2_typography-font-size);--awb-caption-title-transform:var(--h2_typography-text-transform);--awb-caption-title-line-height:var(--h2_typography-line-height);--awb-caption-title-letter-spacing:var(--h2_typography-letter-spacing);\"><div class=\"imageframe-align-center\"><span class=\" fusion-imageframe imageframe-none imageframe-1 hover-type-none\"><img decoding=\"async\" width=\"293\" height=\"300\" title=\"Photo profil\" src=\"https:\/\/wellbeingatwork.lu\/wp-content\/uploads\/2020\/07\/Photo-profil-293x300.jpg\" alt class=\"img-responsive wp-image-4010\" srcset=\"https:\/\/wellbeingatwork.lu\/wp-content\/uploads\/2020\/07\/Photo-profil-200x205.jpg 200w, https:\/\/wellbeingatwork.lu\/wp-content\/uploads\/2020\/07\/Photo-profil-400x410.jpg 400w, https:\/\/wellbeingatwork.lu\/wp-content\/uploads\/2020\/07\/Photo-profil-600x614.jpg 600w, https:\/\/wellbeingatwork.lu\/wp-content\/uploads\/2020\/07\/Photo-profil-800x819.jpg 800w, https:\/\/wellbeingatwork.lu\/wp-content\/uploads\/2020\/07\/Photo-profil-1200x1229.jpg 1200w\" sizes=\"(max-width: 900px) 100vw, 400px\" \/><\/span><\/div><\/div><div class=\"fusion-clearfix\"><\/div><\/div><\/div><div class=\"fusion-layout-column fusion_builder_column fusion-builder-column-1 fusion_builder_column_2_3 2_3 fusion-two-third fusion-column-last\" style=\"--awb-bg-size:cover;width:66.666666666667%;width:calc(66.666666666667% - ( ( 4% ) * 0.66666666666667 ) );\"><div class=\"fusion-column-wrapper fusion-flex-column-wrapper-legacy\"><div class=\"fusion-title title fusion-title-1 fusion-sep-none fusion-title-text fusion-title-size-two\"><h2 class=\"fusion-title-heading title-heading-left\" style=\"margin:0;\">Nancy Grandjean<\/h2><\/div><div class=\"fusion-text fusion-text-1\"><p><strong>Ern\u00e4hrungsberaterin im Healthy Lifestyle<\/strong><\/p>\n<div class=\"\" style=\"text-align: justify;\">\n<p>Hippokrates, der Vater der Medizin, sagte: &#8222;Lass deine Nahrung deine erste Medizin sein. Er konnte sich nicht vorstellen, dass zwei Jahrtausende sp\u00e4ter &#8222;gute Ern\u00e4hrung&#8220; eines unserer gro\u00dfen Anliegen sein w\u00fcrde.<\/p>\n<p>Mein Name ist Nancy Grandjean, ich bin zertifizierte Ern\u00e4hrungsberaterin und Gr\u00fcnderin von Food&#8217;Vitalit\u00e9.<\/p>\n<p>Im Jahr 2013 beschloss ich, eine 180\u00b0-Drehung auf professioneller Ebene zu machen, und ich bildete mich zun\u00e4chst in den Grundlagen der Ern\u00e4hrung aus, dann in den Grundlagen der Nutritherapie und den vom Institut von Dr. Ann Wigmore empfohlenen Prinzipien der Lebensnahrung. Ich bin auch Absolvent der ber\u00fchmten Matthew Kenney Raw Food Academy.<\/p>\n<p>Seit 2014 organisiere und leite ich praktische Workshops und Konferenzen, um die vielen Vorteile einer Ern\u00e4hrung mit hoher Vitalit\u00e4t zu vermitteln.<\/p>\n<\/div>\n<div class=\"\" style=\"text-align: justify;\">Sprachen: FR, EN<\/div>\n<\/div><div class=\"fusion-text fusion-text-2\"><p><strong>Beraterin im Healthy Lifestyle<\/strong><\/p>\n<div class=\"\" style=\"text-align: justify;\">\n<p>Hippokrates, der Vater der Medizin, sagte: &#8222;Lass deine Nahrung deine erste Medizin sein. Er konnte sich nicht vorstellen, dass zwei Jahrtausende sp\u00e4ter &#8222;gute Ern\u00e4hrung&#8220; eines unserer gro\u00dfen Anliegen sein w\u00fcrde.<\/p>\n<p>Mein Name ist Nancy Grandjean, ich bin zertifizierte Lebensnahrungsberaterin und Gr\u00fcnderin von Food&#8217;Vitalit\u00e9.<\/p>\n<p>Im Jahr 2013 beschloss ich, eine 180\u00b0-Drehung auf professioneller Ebene zu machen, und ich bildete mich zun\u00e4chst in den Grundlagen der Ern\u00e4hrung aus, dann in den Grundlagen der Nutritherapie und den vom Institut von Dr. Ann Wigmore empfohlenen Prinzipien der Lebensnahrung. Ich bin auch Absolvent der ber\u00fchmten Matthew Kenney Raw Food Academy.<\/p>\n<p>Seit 2014 organisiere und leite ich praktische Workshops und Konferenzen, um die vielen Vorteile einer Ern\u00e4hrung mit hoher Vitalit\u00e4t zu vermitteln.<\/p>\n<\/div>\n<div class=\"\" style=\"text-align: justify;\">Sprachen: FR, EN<\/div>\n<\/div><div class=\"fusion-button-wrapper\"><a class=\"fusion-button button-flat fusion-button-default-size button-default fusion-button-default button-1 fusion-button-default-span fusion-button-default-type\" target=\"_self\" href=\"https:\/\/wellbeingatwork.lu\/de\/ueber-uns\"><i class=\"fa-chevron-left fas button-icon-left\" aria-hidden=\"true\"><\/i><span class=\"fusion-button-text\">Zur\u00fcck<\/span><\/a><\/div><div class=\"fusion-clearfix\"><\/div><\/div><\/div><\/div><\/div>\n","protected":false},"excerpt":{"rendered":"","protected":false},"author":2,"featured_media":0,"parent":1284,"menu_order":6,"comment_status":"closed","ping_status":"closed","template":"100-width.php","meta":{"_acf_changed":false,"_price":"","_stock":"","_tribe_ticket_header":"","_tribe_default_ticket_provider":"","_tribe_ticket_capacity":"0","_ticket_start_date":"","_ticket_end_date":"","_tribe_ticket_show_description":"","_tribe_ticket_show_not_going":false,"_tribe_ticket_use_global_stock":"","_tribe_ticket_global_stock_level":"","_global_stock_mode":"","_global_stock_cap":"","_tribe_rsvp_for_event":"","_tribe_ticket_going_count":"","_tribe_ticket_not_going_count":"","_tribe_tickets_list":"[]","_tribe_ticket_has_attendee_info_fields":false,"footnotes":""},"class_list":["post-2264","page","type-page","status-publish","hentry"],"acf":[],"_links":{"self":[{"href":"https:\/\/wellbeingatwork.lu\/de\/wp-json\/wp\/v2\/pages\/2264"}],"collection":[{"href":"https:\/\/wellbeingatwork.lu\/de\/wp-json\/wp\/v2\/pages"}],"about":[{"href":"https:\/\/wellbeingatwork.lu\/de\/wp-json\/wp\/v2\/types\/page"}],"author":[{"embeddable":true,"href":"https:\/\/wellbeingatwork.lu\/de\/wp-json\/wp\/v2\/users\/2"}],"replies":[{"embeddable":true,"href":"https:\/\/wellbeingatwork.lu\/de\/wp-json\/wp\/v2\/comments?post=2264"}],"version-history":[{"count":17,"href":"https:\/\/wellbeingatwork.lu\/de\/wp-json\/wp\/v2\/pages\/2264\/revisions"}],"predecessor-version":[{"id":4757,"href":"https:\/\/wellbeingatwork.lu\/de\/wp-json\/wp\/v2\/pages\/2264\/revisions\/4757"}],"up":[{"embeddable":true,"href":"https:\/\/wellbeingatwork.lu\/de\/wp-json\/wp\/v2\/pages\/1284"}],"wp:attachment":[{"href":"https:\/\/wellbeingatwork.lu\/de\/wp-json\/wp\/v2\/media?parent=2264"}],"curies":[{"name":"wp","href":"https:\/\/api.w.org\/{rel}","templated":true}]}}