{"id":2262,"date":"2018-06-15T11:37:32","date_gmt":"2018-06-15T09:37:32","guid":{"rendered":"https:\/\/wellbeingatwork.lu\/about\/viviane-kock-2"},"modified":"2022-10-14T11:55:24","modified_gmt":"2022-10-14T09:55:24","slug":"viviane-kock","status":"publish","type":"page","link":"https:\/\/wellbeingatwork.lu\/de\/ueber-uns\/viviane-kock","title":{"rendered":"Viviane Kock"},"content":{"rendered":"<div class=\"fusion-fullwidth fullwidth-box fusion-builder-row-1 nonhundred-percent-fullwidth non-hundred-percent-height-scrolling\" style=\"--awb-border-radius-top-left:0px;--awb-border-radius-top-right:0px;--awb-border-radius-bottom-right:0px;--awb-border-radius-bottom-left:0px;--awb-flex-wrap:wrap;\" ><div class=\"fusion-builder-row fusion-row\"><div class=\"fusion-layout-column fusion_builder_column fusion-builder-column-0 fusion_builder_column_1_3 1_3 fusion-one-third fusion-column-first\" style=\"--awb-bg-size:cover;--awb-margin-bottom:2rem;width:33.333333333333%;width:calc(33.333333333333% - ( ( 4% ) * 0.33333333333333 ) );margin-right: 4%;\"><div class=\"fusion-column-wrapper fusion-flex-column-wrapper-legacy\"><div class=\"fusion-image-element fusion-image-align-center in-legacy-container\" style=\"text-align:center;--awb-caption-title-font-family:var(--h2_typography-font-family);--awb-caption-title-font-weight:var(--h2_typography-font-weight);--awb-caption-title-font-style:var(--h2_typography-font-style);--awb-caption-title-size:var(--h2_typography-font-size);--awb-caption-title-transform:var(--h2_typography-text-transform);--awb-caption-title-line-height:var(--h2_typography-line-height);--awb-caption-title-letter-spacing:var(--h2_typography-letter-spacing);\"><div class=\"imageframe-align-center\"><span class=\" fusion-imageframe imageframe-none imageframe-1 hover-type-none\"><img decoding=\"async\" width=\"80\" height=\"80\" title=\"viviane_kock_thumb\" src=\"https:\/\/wellbeingatwork.lu\/wp-content\/uploads\/2018\/04\/viviane_kock_thumb.jpg\" alt class=\"img-responsive wp-image-2479\" srcset=\"https:\/\/wellbeingatwork.lu\/wp-content\/uploads\/2018\/04\/viviane_kock_thumb-66x66.jpg 66w, https:\/\/wellbeingatwork.lu\/wp-content\/uploads\/2018\/04\/viviane_kock_thumb.jpg 80w\" sizes=\"(max-width: 80px) 100vw, 80px\" \/><\/span><\/div><\/div><div class=\"fusion-clearfix\"><\/div><\/div><\/div><div class=\"fusion-layout-column fusion_builder_column fusion-builder-column-1 fusion_builder_column_2_3 2_3 fusion-two-third fusion-column-last\" style=\"--awb-bg-size:cover;width:66.666666666667%;width:calc(66.666666666667% - ( ( 4% ) * 0.66666666666667 ) );\"><div class=\"fusion-column-wrapper fusion-flex-column-wrapper-legacy\"><div class=\"fusion-title title fusion-title-1 fusion-sep-none fusion-title-text fusion-title-size-two\"><h2 class=\"fusion-title-heading title-heading-left\" style=\"margin:0;\">Viviane Kock<\/h2><\/div><div class=\"fusion-text fusion-text-1\"><p><strong>Berater und Trainer f\u00fcr Flexible Arbeit und Fernarbeit (Home-office)<\/strong><\/p>\n<p style=\"text-align: justify;\">Mit Leidenschaft f\u00fcr Public Relations habe ich mich seit mehr als 20 Jahren auf Veranstaltungen spezialisiert, als Corporate Event Manager, Projektkoordinator und Sales Manager in so unterschiedlichen Bereichen wie Luxushotels, Telekommunikation und IT sowie Event- und Catering-Unternehmen und Kongresszentren.<\/p>\n<p style=\"text-align: justify;\">Nach einer Umschulung durch ad\u00e4quate Studien und dem Wunsch, meine Kreativit\u00e4t und meinen tiefen Sinn f\u00fcr den Menschen weiter zu erforschen, startete ich als Innen- und Privatb\u00fcro-Stilist mit einem Ansatz, der im Wesentlichen auf der Psychologie von Raum und Farben basiert, bevor ich mich dem \u00c4sthetizismus selbst n\u00e4herte.<\/p>\n<p style=\"text-align: justify;\">Umfangreiche Forschung und vielf\u00e4ltige Ausbildung (Arbeits- und Weltraumpsychologie, neues Management, flexible Arbeit, der neue Begriff der privaten und beruflichen Zeit) sowie exklusive Interviews mit erfahrenen Akteuren in der Neuen Welt der Arbeit haben es mir erm\u00f6glicht, eine echte Expertise \u00fcber Heimarbeit und alle daraus resultierenden Themen zu entwickeln.<\/p>\n<p style=\"text-align: justify;\">Zertifizierter Berater und Trainer in Flexibler Arbeit und Home-office, stimuliere, f\u00fchre und unterst\u00fctze ich die Umsetzung von Telearbeit, Telearbeitern und ihren F\u00fchrungskr\u00e4ften.<\/p>\n<p style=\"text-align: justify;\">Mein gemeinsamer Nenner ist es, Menschen um eine positive Gelegenheit herum zusammenzubringen, wie z.B. Begegnung, Zuh\u00f6ren, Austausch, Lernen und Bereichern sowohl in Bezug auf Know-how als auch auf zwischenmenschliche F\u00e4higkeiten.<\/p>\n<p style=\"text-align: justify;\">Gr\u00fcnder von &#8222;Nest your desk&#8220;.<\/p>\n<p style=\"text-align: justify;\">Sprachen: FR, NL, EN, DE<\/p>\n<\/div><div class=\"fusion-button-wrapper\"><a class=\"fusion-button button-flat fusion-button-default-size button-default fusion-button-default button-1 fusion-button-default-span fusion-button-default-type\" target=\"_self\" href=\"https:\/\/wellbeingatwork.lu\/de\/ueber-uns\"><i class=\"fa-chevron-left fas button-icon-left\" aria-hidden=\"true\"><\/i><span class=\"fusion-button-text\">Zur\u00fcck<\/span><\/a><\/div><div class=\"fusion-clearfix\"><\/div><\/div><\/div><\/div><\/div>\n","protected":false},"excerpt":{"rendered":"","protected":false},"author":2,"featured_media":0,"parent":1284,"menu_order":5,"comment_status":"closed","ping_status":"closed","template":"100-width.php","meta":{"_acf_changed":false,"_price":"","_stock":"","_tribe_ticket_header":"","_tribe_default_ticket_provider":"","_tribe_ticket_capacity":"0","_ticket_start_date":"","_ticket_end_date":"","_tribe_ticket_show_description":"","_tribe_ticket_show_not_going":false,"_tribe_ticket_use_global_stock":"","_tribe_ticket_global_stock_level":"","_global_stock_mode":"","_global_stock_cap":"","_tribe_rsvp_for_event":"","_tribe_ticket_going_count":"","_tribe_ticket_not_going_count":"","_tribe_tickets_list":"[]","_tribe_ticket_has_attendee_info_fields":false,"footnotes":""},"class_list":["post-2262","page","type-page","status-publish","hentry"],"acf":[],"_links":{"self":[{"href":"https:\/\/wellbeingatwork.lu\/de\/wp-json\/wp\/v2\/pages\/2262"}],"collection":[{"href":"https:\/\/wellbeingatwork.lu\/de\/wp-json\/wp\/v2\/pages"}],"about":[{"href":"https:\/\/wellbeingatwork.lu\/de\/wp-json\/wp\/v2\/types\/page"}],"author":[{"embeddable":true,"href":"https:\/\/wellbeingatwork.lu\/de\/wp-json\/wp\/v2\/users\/2"}],"replies":[{"embeddable":true,"href":"https:\/\/wellbeingatwork.lu\/de\/wp-json\/wp\/v2\/comments?post=2262"}],"version-history":[{"count":7,"href":"https:\/\/wellbeingatwork.lu\/de\/wp-json\/wp\/v2\/pages\/2262\/revisions"}],"predecessor-version":[{"id":4754,"href":"https:\/\/wellbeingatwork.lu\/de\/wp-json\/wp\/v2\/pages\/2262\/revisions\/4754"}],"up":[{"embeddable":true,"href":"https:\/\/wellbeingatwork.lu\/de\/wp-json\/wp\/v2\/pages\/1284"}],"wp:attachment":[{"href":"https:\/\/wellbeingatwork.lu\/de\/wp-json\/wp\/v2\/media?parent=2262"}],"curies":[{"name":"wp","href":"https:\/\/api.w.org\/{rel}","templated":true}]}}